{"id":209,"date":"2014-05-28T19:01:30","date_gmt":"2014-05-28T17:01:30","guid":{"rendered":"https:\/\/serveident.bisskultur.de\/?page_id=209"},"modified":"2017-06-12T22:11:57","modified_gmt":"2017-06-12T20:11:57","slug":"hilfe","status":"publish","type":"page","link":"https:\/\/bisskultur.net\/wordpress\/hilfe\/","title":{"rendered":"Hilfe"},"content":{"rendered":"<h4 class=\"Free_Form\">Liebe Kolleginnen und Kollegen<\/h4>\n<h4 class=\"Free_Form\"><a href=\"http:\/\/www.humedica.org\/\" target=\"_blank\" rel=\"noopener noreferrer\">Humedica<\/a> und <a href=\"http:\/\/www.pfi.org\/\" target=\"_blank\" rel=\"noopener noreferrer\">PFI<\/a> sind Hilfsorganisationen, die dringend Zahn\u00e4rzte ben\u00f6tigen. Es sei mir erlaubt, an dieser Stelle darauf hin zu weisen, dass gerade wir Zahn\u00e4rzte in den Brennpunkten der unterschiedlichen Dramen dieser Welt nahezu Gro\u00dfartiges verrichten k\u00f6nnen. Wer einerseits die Dankbarkeit betroffener Patienten und andererseits das gro\u00dfartige Gef\u00fchl, frei von wirtschaftlichen Zw\u00e4ngen einfach nur helfen zu k\u00f6nnen, kennen gelernt und erlebt hat, er\u00f6ffnet seinem eigen Ich, seinem eigenen Bewu\u00dftsein, v\u00f6llig neue, lebensbejahende, Horizonte.<\/h4>\n<h4 class=\"Free_Form\">Meine Kollegen hierzu einzuladen, ist mir eine gro\u00dfe Freude.<\/h4>\n<h4 class=\"Free_Form\">Wer daran interessiert ist, schickt mir einfach eine <a href=\"mailto:paul-wilhelm.hermsena@bisskultur.de?subject=Betreff%20der%20E-Mail\">Mail<\/a> oder ruft mich an. Ich beantworte gerne alle eventuellen Fragen.<\/h4>\n<h4><img loading=\"lazy\" decoding=\"async\" class=\"alignnone size-medium wp-image-4316\" src=\"https:\/\/bisskultur.net\/wordpress\/wp-content\/uploads\/2017\/06\/Portrait-PWaktuell-225x300.jpg\" alt=\"\" width=\"225\" height=\"300\" srcset=\"https:\/\/bisskultur.net\/wordpress\/wp-content\/uploads\/2017\/06\/Portrait-PWaktuell-225x300.jpg 225w, https:\/\/bisskultur.net\/wordpress\/wp-content\/uploads\/2017\/06\/Portrait-PWaktuell-768x1024.jpg 768w\" sizes=\"auto, (max-width: 225px) 100vw, 225px\" \/><\/h4>\n<h4 class=\"Free_Form\">Hier m\u00f6chte ich auch noch die Gelegenheit nutzen, eine andere Organisation vorzustellen. Sie setzt sich f\u00fcr die Erhaltung und den Schutz bedrohter V\u00f6lker ein.<br \/>\nCocaCola und iPhone sind eben nicht der Nabel der Welt!<br \/>\n<a href=\"http:\/\/www.survivalinternational.de\/\" target=\"_blank\" rel=\"noopener noreferrer\">Survival<\/a><\/h4>\n","protected":false},"excerpt":{"rendered":"<p>Liebe Kolleginnen und Kollegen Humedica und PFI sind Hilfsorganisationen, die dringend Zahn\u00e4rzte ben\u00f6tigen. Es sei mir erlaubt, an dieser Stelle darauf hin zu weisen, dass gerade wir Zahn\u00e4rzte in den Brennpunkten der unterschiedlichen Dramen dieser Welt nahezu Gro\u00dfartiges verrichten k\u00f6nnen. Wer einerseits die Dankbarkeit betroffener Patienten und andererseits das gro\u00dfartige Gef\u00fchl, frei von wirtschaftlichen Zw\u00e4ngen [&hellip;]<\/p>\n","protected":false},"author":1,"featured_media":0,"parent":0,"menu_order":0,"comment_status":"closed","ping_status":"closed","template":"","meta":{"footnotes":""},"class_list":["post-209","page","type-page","status-publish","czr-hentry"],"_links":{"self":[{"href":"https:\/\/bisskultur.net\/wordpress\/wp-json\/wp\/v2\/pages\/209","targetHints":{"allow":["GET"]}}],"collection":[{"href":"https:\/\/bisskultur.net\/wordpress\/wp-json\/wp\/v2\/pages"}],"about":[{"href":"https:\/\/bisskultur.net\/wordpress\/wp-json\/wp\/v2\/types\/page"}],"author":[{"embeddable":true,"href":"https:\/\/bisskultur.net\/wordpress\/wp-json\/wp\/v2\/users\/1"}],"replies":[{"embeddable":true,"href":"https:\/\/bisskultur.net\/wordpress\/wp-json\/wp\/v2\/comments?post=209"}],"version-history":[{"count":3,"href":"https:\/\/bisskultur.net\/wordpress\/wp-json\/wp\/v2\/pages\/209\/revisions"}],"predecessor-version":[{"id":4317,"href":"https:\/\/bisskultur.net\/wordpress\/wp-json\/wp\/v2\/pages\/209\/revisions\/4317"}],"wp:attachment":[{"href":"https:\/\/bisskultur.net\/wordpress\/wp-json\/wp\/v2\/media?parent=209"}],"curies":[{"name":"wp","href":"https:\/\/api.w.org\/{rel}","templated":true}]}}