{"id":4370,"date":"2021-03-10T19:20:03","date_gmt":"2021-03-10T18:20:03","guid":{"rendered":"https:\/\/bisskultur.net\/?page_id=4370"},"modified":"2021-03-10T19:53:21","modified_gmt":"2021-03-10T18:53:21","slug":"coronaritis","status":"publish","type":"page","link":"https:\/\/bisskultur.net\/wordpress\/coronaritis\/","title":{"rendered":"Coronaritis"},"content":{"rendered":"\n<p class=\"has-large-font-size\">Unsere Sprechstunden sind aktuell:<br><\/p>\n\n\n\n<p class=\"has-large-font-size\">Mo, Di, Do von 8 bis 12 und von 14 bis 18 Uhr<\/p>\n\n\n\n<p class=\"has-medium-font-size\"><br><strong>Telefonische Erreichbarkeit ist Mo, Di, Do von 9-12 und von 14-18 Uhr<\/strong><br><strong>und Mi und Fr von 9-12 Uhr gew\u00e4hrleistet.<\/strong><br><br><strong>Sollte die Rezeption w\u00e4hrend dieser Zeiten nicht besetzt sein, rufen wir Sie immer zur\u00fcck, sofern Ihre Rufnummer \u00fcbermittelt wurde.<\/strong><\/p>\n","protected":false},"excerpt":{"rendered":"<p>Unsere Sprechstunden sind aktuell: Mo, Di, Do von 8 bis 12 und von 14 bis 18 Uhr Telefonische Erreichbarkeit ist Mo, Di, Do von 9-12 und von 14-18 Uhrund Mi und Fr von 9-12 Uhr gew\u00e4hrleistet. Sollte die Rezeption w\u00e4hrend dieser Zeiten nicht besetzt sein, rufen wir Sie immer zur\u00fcck, sofern Ihre Rufnummer \u00fcbermittelt wurde.<\/p>\n","protected":false},"author":1,"featured_media":0,"parent":0,"menu_order":0,"comment_status":"closed","ping_status":"closed","template":"","meta":{"footnotes":""},"class_list":["post-4370","page","type-page","status-publish","czr-hentry"],"_links":{"self":[{"href":"https:\/\/bisskultur.net\/wordpress\/wp-json\/wp\/v2\/pages\/4370","targetHints":{"allow":["GET"]}}],"collection":[{"href":"https:\/\/bisskultur.net\/wordpress\/wp-json\/wp\/v2\/pages"}],"about":[{"href":"https:\/\/bisskultur.net\/wordpress\/wp-json\/wp\/v2\/types\/page"}],"author":[{"embeddable":true,"href":"https:\/\/bisskultur.net\/wordpress\/wp-json\/wp\/v2\/users\/1"}],"replies":[{"embeddable":true,"href":"https:\/\/bisskultur.net\/wordpress\/wp-json\/wp\/v2\/comments?post=4370"}],"version-history":[{"count":9,"href":"https:\/\/bisskultur.net\/wordpress\/wp-json\/wp\/v2\/pages\/4370\/revisions"}],"predecessor-version":[{"id":4386,"href":"https:\/\/bisskultur.net\/wordpress\/wp-json\/wp\/v2\/pages\/4370\/revisions\/4386"}],"wp:attachment":[{"href":"https:\/\/bisskultur.net\/wordpress\/wp-json\/wp\/v2\/media?parent=4370"}],"curies":[{"name":"wp","href":"https:\/\/api.w.org\/{rel}","templated":true}]}}